{"id":78,"date":"2023-11-28T16:40:59","date_gmt":"2023-11-28T15:40:59","guid":{"rendered":"http:\/\/emtestudio.com.pl\/?page_id=78"},"modified":"2025-09-03T19:45:39","modified_gmt":"2025-09-03T17:45:39","slug":"kontakt","status":"publish","type":"page","link":"https:\/\/emtestudio.com.pl\/?page_id=78","title":{"rendered":"Kontakt"},"content":{"rendered":"\t\t<div data-elementor-type=\"wp-page\" data-elementor-id=\"78\" class=\"elementor elementor-78\">\n\t\t\t\t<div class=\"elementor-element elementor-element-5510253b e-flex e-con-boxed wpr-particle-no wpr-jarallax-no wpr-parallax-no wpr-sticky-section-no e-con e-parent\" data-id=\"5510253b\" data-element_type=\"container\" data-settings=\"{&quot;background_background&quot;:&quot;classic&quot;}\">\n\t\t\t\t\t<div class=\"e-con-inner\">\n\t\t<div class=\"elementor-element elementor-element-47dca2f2 e-con-full e-flex wpr-particle-no wpr-jarallax-no wpr-parallax-no wpr-sticky-section-no e-con e-child\" data-id=\"47dca2f2\" data-element_type=\"container\">\n\t\t\t\t<div class=\"elementor-element elementor-element-40c6698b elementor-widget__width-initial elementor-widget elementor-widget-elementskit-lottie\" data-id=\"40c6698b\" data-element_type=\"widget\" data-widget_type=\"elementskit-lottie.default\">\n\t\t\t\t<div class=\"elementor-widget-container\">\n\t\t\t\t\t<div class=\"ekit-wid-con\" ><div id=\"ekit_lottie_40c6698b\" class=\"ekit_lottie\" data-autoplay=\"\" data-on-scroll=\"yes\" data-speed=\"1\" data-direction=\"\" data-action=\"\" data-renderer=\"svg\" data-path=\"https:\/\/emtestudio.com.pl\/wp-content\/uploads\/2025\/09\/call.json\" data-loop=\"9\">&nbsp;<\/div><\/div>\t\t\t\t<\/div>\n\t\t\t\t<\/div>\n\t\t\t\t<\/div>\n\t\t<div class=\"elementor-element elementor-element-53dbb398 e-con-full e-flex wpr-particle-no wpr-jarallax-no wpr-parallax-no wpr-sticky-section-no e-con e-child\" data-id=\"53dbb398\" data-element_type=\"container\">\n\t\t\t\t<div class=\"elementor-element elementor-element-61e08f20 elementor-widget elementor-widget-elementskit-heading\" data-id=\"61e08f20\" data-element_type=\"widget\" data-widget_type=\"elementskit-heading.default\">\n\t\t\t\t<div class=\"elementor-widget-container\">\n\t\t\t\t\t<div class=\"ekit-wid-con\" ><div class=\"ekit-heading elementskit-section-title-wraper text_left   ekit_heading_tablet-   ekit_heading_mobile-text_center\"><p class=\"ekit-heading--title elementskit-section-title \">Skontaktuj si\u0119<\/p>\t\t\t\t<div class='ekit-heading__description'>\n\t\t\t\t\t<p>Ka\u017cda rozmowa to pierwszy krok do stworzenia czego\u015b wyj\u0105tkowego \u2013 ch\u0119tnie us\u0142ysz\u0119 Twoj\u0105 histori\u0119.<\/p>\n\t\t\t\t<\/div>\n\t\t\t<\/div><\/div>\t\t\t\t<\/div>\n\t\t\t\t<\/div>\n\t\t\t\t<div class=\"elementor-element elementor-element-5d07b849 elementor-widget elementor-widget-elementskit-button\" data-id=\"5d07b849\" data-element_type=\"widget\" data-widget_type=\"elementskit-button.default\">\n\t\t\t\t<div class=\"elementor-widget-container\">\n\t\t\t\t\t<div class=\"ekit-wid-con\" >\t\t<div class=\"ekit-btn-wraper\">\n\t\t\t\t\t\t\t<a href=\"mailto:biuroemtestudio@gmail.com\" class=\"elementskit-btn  whitespace--normal\" id=\"\">\n\t\t\t\t\tZacznijmy dzi\u015b\t\t\t\t<\/a>\n\t\t\t\t\t<\/div>\n        <\/div>\t\t\t\t<\/div>\n\t\t\t\t<\/div>\n\t\t\t\t<\/div>\n\t\t\t\t\t<\/div>\n\t\t\t\t<\/div>\n\t\t<div class=\"elementor-element elementor-element-97bd3e8 e-con-full e-flex wpr-particle-no wpr-jarallax-no wpr-parallax-no wpr-sticky-section-no e-con e-parent\" data-id=\"97bd3e8\" data-element_type=\"container\" data-settings=\"{&quot;background_background&quot;:&quot;classic&quot;}\">\n\t\t\t\t<div class=\"elementor-element elementor-element-d2acafb elementor-widget elementor-widget-spacer\" data-id=\"d2acafb\" data-element_type=\"widget\" data-widget_type=\"spacer.default\">\n\t\t\t\t<div class=\"elementor-widget-container\">\n\t\t\t\t\t\t\t<div class=\"elementor-spacer\">\n\t\t\t<div class=\"elementor-spacer-inner\"><\/div>\n\t\t<\/div>\n\t\t\t\t\t\t<\/div>\n\t\t\t\t<\/div>\n\t\t\t\t<\/div>\n\t\t\t\t<section class=\"elementor-section elementor-top-section elementor-element elementor-element-1f8d1139 elementor-section-content-middle elementor-section-height-min-height elementor-section-boxed elementor-section-height-default elementor-section-items-middle wpr-particle-no wpr-jarallax-no wpr-parallax-no wpr-sticky-section-no\" data-id=\"1f8d1139\" data-element_type=\"section\" data-settings=\"{&quot;background_background&quot;:&quot;classic&quot;}\">\n\t\t\t\t\t\t\t<div class=\"elementor-background-overlay\"><\/div>\n\t\t\t\t\t\t\t<div class=\"elementor-container elementor-column-gap-default\">\n\t\t\t\t\t<div class=\"elementor-column elementor-col-100 elementor-top-column elementor-element elementor-element-57213045\" data-id=\"57213045\" data-element_type=\"column\">\n\t\t\t<div class=\"elementor-widget-wrap elementor-element-populated\">\n\t\t\t\t\t\t<div class=\"elementor-element elementor-element-5f1a3959 elementor-widget elementor-widget-heading\" data-id=\"5f1a3959\" data-element_type=\"widget\" data-widget_type=\"heading.default\">\n\t\t\t\t<div class=\"elementor-widget-container\">\n\t\t\t\t\t<h1 class=\"elementor-heading-title elementor-size-default\">Skontaktuj si\u0119 z nami<\/h1>\t\t\t\t<\/div>\n\t\t\t\t<\/div>\n\t\t\t\t<div class=\"elementor-element elementor-element-1e334df8 elementor-widget elementor-widget-heading\" data-id=\"1e334df8\" data-element_type=\"widget\" data-widget_type=\"heading.default\">\n\t\t\t\t<div class=\"elementor-widget-container\">\n\t\t\t\t\t<span class=\"elementor-heading-title elementor-size-default\">Napisz do nas lub zadzwo\u0144 i opowiedz nam o swoim projekcie. Cenimy sobie mo\u017cliwo\u015b\u0107 bezpo\u015bredniej rozmowy, dlatego zach\u0119camy do spotkania na \u017cywo lub online. Z przyjemno\u015bci\u0105 odpowiemy na wszystkie Twoje pytania.<\/span>\t\t\t\t<\/div>\n\t\t\t\t<\/div>\n\t\t<div class=\"elementor-element elementor-element-11cbd941 e-flex e-con-boxed wpr-particle-no wpr-jarallax-no wpr-parallax-no wpr-sticky-section-no e-con e-parent\" data-id=\"11cbd941\" data-element_type=\"container\">\n\t\t\t\t\t<div class=\"e-con-inner\">\n\t\t\t\t<div class=\"elementor-element elementor-element-26dd09ad elementor-icon-list--layout-inline elementor-list-item-link-full_width elementor-widget elementor-widget-icon-list\" data-id=\"26dd09ad\" data-element_type=\"widget\" data-widget_type=\"icon-list.default\">\n\t\t\t\t<div class=\"elementor-widget-container\">\n\t\t\t\t\t\t\t<ul class=\"elementor-icon-list-items elementor-inline-items\">\n\t\t\t\t\t\t\t<li class=\"elementor-icon-list-item elementor-inline-item\">\n\t\t\t\t\t\t\t\t\t\t\t<span class=\"elementor-icon-list-icon\">\n\t\t\t\t\t\t\t<svg xmlns=\"http:\/\/www.w3.org\/2000\/svg\" id=\"Warstwa_1\" data-name=\"Warstwa 1\" viewBox=\"0 0 250 250\"><defs><style>      .cls-1 {        fill: #f0f948;      }      .cls-1, .cls-2, .cls-3 {        isolation: isolate;        stroke-width: 0px;      }      .cls-2 {        fill: #0df9ff;      }      .cls-3 {        fill: #303030;      }    <\/style><\/defs><path class=\"cls-1\" d=\"M61,250c-3.7-1.4-7.6-1.7-11.4-2.8-21.9-6.6-39.2-27.1-41.8-49.8-.4-3.1-.5-6.2-.5-9.2,0-43.8,0-87.5,0-131.3,0-17.9,6.4-33,20.1-44.7C36.4,4.3,47.1.4,59,.1c11-.2,22,0,32.9,0,4.7,0,7.6,2.9,7.6,7.6,0,22.7,0,45.4,0,68.1,0,4.8-2.9,7.7-7.8,7.7-9.4,0-18.7,0-28.1,0-3.5,0-4.6,1-4.6,4.4,0,25,0,49.9,0,74.9,0,2.8.4,3.2,3.3,3.2,9.8,0,19.7,0,29.5,0,5.8,0,8.5,2.8,8.5,8.5,0,22,0,44.1,0,66.1,0,4.4-1.3,7.5-5.4,9.3h-34.2ZM55.8,42.9c0-9.6,0-19.2,0-28.8q0-3.2-3.2-2.6c-19.7,4.1-34.4,21.7-34.5,42.3-.2,45.5,0,90.9,0,136.4,0,3,.3,6,1,8.9,4.5,19,15.8,31.8,34.5,37.9,1,.3,2.3,1.3,2.3-1.1,0-19.6,0-39.2,0-58.8,0-1-.2-1.6-1.1-2.2-4.3-2.6-6.2-6.5-6.2-11.4,0-25.5,0-50.9,0-76.4,0-4.9,1.9-8.9,5.9-11.7,1.2-.8,1.5-1.7,1.5-3,0-9.8,0-19.7,0-29.5ZM89.8,208.3c0-9.8,0-19.7,0-29.5,0-1.6-.5-2-2-2-6.4,0-12.8,0-19.3,0-1.6,0-2.1.4-2,2,0,19.5,0,39,0,58.5,0,1.7.6,2,2.1,2,6.4,0,12.8,0,19.3,0,1.6,0,2-.4,2-2,0-9.7,0-19.3,0-29ZM88.8,41.8c0-9.7,0-19.3,0-29,0-1.6-.4-2-2-2-6.2,0-12.4,0-18.5,0-1.5,0-1.9.4-1.9,1.9,0,19.4,0,38.8,0,58.3,0,1.5.4,1.9,1.9,1.9,6.2,0,12.4,0,18.5,0,1.7,0,2-.5,2-2,0-9.7,0-19.3,0-29Z\"><\/path><path class=\"cls-1\" d=\"M209.8,214.1c-7.6,0-15.3,0-22.9,0-1.5,0-2,.3-1.9,1.9.1,4.2,0,8.5,0,12.7,0,3.2-1.1,5.8-4.1,7.1-2.9,1.3-5.5.5-7.9-1.4-16.1-12.7-32.2-25.3-48.2-38.1-5.5-4.3-5.4-10.8,0-15,15.7-12.1,31.5-24.1,47.2-36.3,2.6-2,5.4-2.7,8.4-1.3,3.1,1.5,4.1,4.2,4.1,7.4,0,4.3,0,8.6,0,12.9,0,1.9.4,2.5,2.4,2.4,14.7,0,29.4,0,44.2,0,7.9,0,11.8,3.9,11.8,11.8,0,8.3,0,16.6,0,24.9,0,6.8-4.1,10.9-10.9,10.9-7.3,0-14.6,0-22,0ZM132.5,188.8c13.8,10.9,27.5,21.7,41.6,32.8,0-4.7,0-8.7,0-12.8,0-3.2,1.9-5.1,5.1-5.5.9,0,1.8,0,2.7,0,15.9,0,31.9,0,47.8,0,1.7,0,2.2-.4,2.2-2.1,0-7.2,0-14.3,0-21.5,0-2-.3-2.7-2.6-2.7-16.3.1-32.5,0-48.8,0-5.2,0-7-1.7-7-7,0-4.1,0-8.2,0-12.9-13.9,10.7-27.4,21.1-41.1,31.6Z\"><\/path><path class=\"cls-2\" d=\"M153.7,83.6c-7.3,0-14.6,0-22,0-6.9,0-11.1-4.2-11.1-11.1,0-8.4.2-16.8,0-25.1,0-7.2,4.8-11.6,11.6-11.4,14.6.3,29.1,0,43.7.1,2.2,0,2.8-.6,2.7-2.8-.2-4.1,0-8.1,0-12.2,0-3.1,1.1-5.4,3.9-6.7,2.9-1.4,5.5-.7,7.9,1.2,12.6,9.9,25.1,19.8,37.7,29.8,3.4,2.7,6.9,5.4,10.3,8.2,5.7,4.5,5.8,10.9,0,15.4-15.6,12.1-31.3,24.1-47,36.1-2.6,2-5.4,2.8-8.4,1.3-3-1.5-4.2-4.1-4.1-7.4.1-4.4,0-8.8,0-13.2,0-1.8-.6-2.2-2.2-2.2-7.7,0-15.5,0-23.2,0ZM189.3,28.5c0,3.9,0,7.3,0,10.6,0,5.9-1.8,7.7-7.7,7.7-15.7,0-31.4,0-47.1,0-2.4,0-3.1.7-3.1,3,0,6.7,0,13.5-.1,20.2,0,2.3.4,3,2.9,3,16.1-.1,32.2,0,48.3,0,5.5,0,7.3,1.8,7.3,7.3,0,4,0,8,0,12.4.7-.3.9-.5,1.2-.6,12.8-9.8,25.5-19.6,38.3-29.4,1.3-1,1.2-1.5,0-2.5-7.5-5.8-15-11.8-22.4-17.6-5.7-4.5-11.4-8.9-17.6-13.8Z\"><\/path><g><path class=\"cls-3\" d=\"M333.9,66.2c-.4-.2-.9-.2-1.3-.3-2.5-.8-4.5-3.1-4.8-5.7,0-.3,0-.7,0-1,0-5,0-9.9,0-14.9,0-2,.7-3.8,2.3-5.1,1-.9,2.3-1.3,3.6-1.4,1.2,0,2.5,0,3.7,0,.5,0,.9.3.9.9,0,2.6,0,5.2,0,7.7,0,.5-.3.9-.9.9-1.1,0-2.1,0-3.2,0-.4,0-.5.1-.5.5,0,2.8,0,5.7,0,8.5,0,.3,0,.4.4.4,1.1,0,2.2,0,3.4,0,.7,0,1,.3,1,1,0,2.5,0,5,0,7.5,0,.5-.2.9-.6,1.1h-3.9ZM333.3,42.7c0-1.1,0-2.2,0-3.3q0-.4-.4-.3c-2.2.5-3.9,2.5-3.9,4.8,0,5.2,0,10.3,0,15.5,0,.3,0,.7.1,1,.5,2.2,1.8,3.6,3.9,4.3.1,0,.3.1.3-.1,0-2.2,0-4.5,0-6.7,0-.1,0-.2-.1-.2-.5-.3-.7-.7-.7-1.3,0-2.9,0-5.8,0-8.7,0-.6.2-1,.7-1.3.1,0,.2-.2.2-.3,0-1.1,0-2.2,0-3.4ZM337.2,61.5c0-1.1,0-2.2,0-3.4,0-.2,0-.2-.2-.2-.7,0-1.5,0-2.2,0-.2,0-.2,0-.2.2,0,2.2,0,4.4,0,6.6,0,.2,0,.2.2.2.7,0,1.5,0,2.2,0,.2,0,.2,0,.2-.2,0-1.1,0-2.2,0-3.3ZM337.1,42.6c0-1.1,0-2.2,0-3.3,0-.2,0-.2-.2-.2-.7,0-1.4,0-2.1,0-.2,0-.2,0-.2.2,0,2.2,0,4.4,0,6.6,0,.2,0,.2.2.2.7,0,1.4,0,2.1,0,.2,0,.2,0,.2-.2,0-1.1,0-2.2,0-3.3Z\"><\/path><path class=\"cls-3\" d=\"M350.8,62.1c-.9,0-1.7,0-2.6,0-.2,0-.2,0-.2.2,0,.5,0,1,0,1.4,0,.4-.1.7-.5.8-.3.2-.6,0-.9-.2-1.8-1.4-3.7-2.9-5.5-4.3-.6-.5-.6-1.2,0-1.7,1.8-1.4,3.6-2.7,5.4-4.1.3-.2.6-.3,1-.1.3.2.5.5.5.8,0,.5,0,1,0,1.5,0,.2,0,.3.3.3,1.7,0,3.3,0,5,0,.9,0,1.3.4,1.3,1.3,0,.9,0,1.9,0,2.8,0,.8-.5,1.2-1.2,1.2-.8,0-1.7,0-2.5,0ZM342,59.3c1.6,1.2,3.1,2.5,4.7,3.7,0-.5,0-1,0-1.4,0-.4.2-.6.6-.6.1,0,.2,0,.3,0,1.8,0,3.6,0,5.4,0,.2,0,.2,0,.2-.2,0-.8,0-1.6,0-2.4,0-.2,0-.3-.3-.3-1.8,0-3.7,0-5.5,0-.6,0-.8-.2-.8-.8,0-.5,0-.9,0-1.5-1.6,1.2-3.1,2.4-4.7,3.6Z\"><\/path><path class=\"cls-1\" d=\"M344.4,47.3c-.8,0-1.7,0-2.5,0-.8,0-1.3-.5-1.3-1.3,0-1,0-1.9,0-2.9,0-.8.5-1.3,1.3-1.3,1.7,0,3.3,0,5,0,.2,0,.3,0,.3-.3,0-.5,0-.9,0-1.4,0-.3.1-.6.4-.8.3-.2.6,0,.9.1,1.4,1.1,2.9,2.3,4.3,3.4.4.3.8.6,1.2.9.7.5.7,1.2,0,1.7-1.8,1.4-3.6,2.7-5.3,4.1-.3.2-.6.3-1,.1-.3-.2-.5-.5-.5-.8,0-.5,0-1,0-1.5,0-.2,0-.2-.3-.2-.9,0-1.8,0-2.6,0ZM348.5,41.1c0,.4,0,.8,0,1.2,0,.7-.2.9-.9.9-1.8,0-3.6,0-5.3,0-.3,0-.4,0-.4.3,0,.8,0,1.5,0,2.3,0,.3,0,.3.3.3,1.8,0,3.7,0,5.5,0,.6,0,.8.2.8.8,0,.5,0,.9,0,1.4,0,0,.1,0,.1,0,1.4-1.1,2.9-2.2,4.3-3.3.1-.1.1-.2,0-.3-.9-.7-1.7-1.3-2.5-2-.6-.5-1.3-1-2-1.6Z\"><\/path><\/g><\/svg>\t\t\t\t\t\t<\/span>\n\t\t\t\t\t\t\t\t\t\t<span class=\"elementor-icon-list-text\">506 897 282<\/span>\n\t\t\t\t\t\t\t\t\t<\/li>\n\t\t\t\t\t\t\t\t<li class=\"elementor-icon-list-item elementor-inline-item\">\n\t\t\t\t\t\t\t\t\t\t\t<a href=\"mailto:biuroemtestudio@gmailcom\">\n\n\t\t\t\t\t\t\t\t\t\t\t\t<span class=\"elementor-icon-list-icon\">\n\t\t\t\t\t\t\t<svg xmlns=\"http:\/\/www.w3.org\/2000\/svg\" id=\"Warstwa_1\" data-name=\"Warstwa 1\" viewBox=\"0 0 250 250\"><defs><style>      .cls-1 {        fill: #0df9ff;      }      .cls-1, .cls-2 {        isolation: isolate;        stroke-width: 0px;      }      .cls-2 {        fill: #303030;      }    <\/style><\/defs><path class=\"cls-2\" d=\"M0,20.4c.8-.3.7-1.2,1-1.8,2.5-6.7,8.5-11.1,15.6-11.3.7,0,1.5,0,2.2,0,70.8,0,141.7,0,212.5,0,11.9,0,18.7,6.9,18.7,18.8,0,42.1,0,84.2,0,126.3,0,11.7-6.9,18.6-18.7,18.6-10.3,0-20.7,0-31,0-4.5-3.6-8.9-7.1-13.4-10.7,12.3,0,24.6,0,36.8-.1,1.3,0,2.7,0,4.6,0-.9-.7-1.2-1.1-1.7-1.4-27.2-20.4-54.4-40.7-81.6-61.1-1.2-.9-1.9-.8-3.1,0-10.2,7.2-23.8,7.3-33.8.2-1.4-1-2.3-1-3.7,0-27.1,20.4-54.3,40.6-81.4,61-.4.3-1.1.4-.9,1.3h29c-.5,3.5-.3,7.1-.4,10.6-11.5,0-22.9.1-34.4,0-7.1,0-13.1-4.6-15.5-11.3C.7,158.9.8,158.1,0,157.7V20.4ZM228.5,18.2H21.5c1,.8,1.6,1.3,2.3,1.9,29.7,22.6,59.3,45.3,89,67.9,8,6.1,16.4,6.1,24.4,0,27.5-21,54.9-41.9,82.4-62.9,2.9-2.2,5.7-4.4,8.9-6.9ZM10.8,154.6c.7-.4,1-.6,1.3-.8,28-20.9,55.9-41.9,84-62.8,1.8-1.4.7-1.8-.3-2.5-27.8-21.3-55.7-42.5-83.5-63.8-.4-.3-.7-.9-1.4-.6v130.5ZM239.1,23.7c-.6.4-1,.7-1.4,1-27.9,21.3-55.7,42.6-83.6,63.8-1.9,1.4-1,1.9.2,2.8,26.1,19.5,52.1,39,78.1,58.5,2.1,1.6,4.2,3.1,6.6,4.9V23.7Z\"><\/path><path class=\"cls-1\" d=\"M50.9,170.9c0-3.5,0-7.1.4-10.6,2.4-6.4,7.1-8.9,13.8-8.8,20.2.2,40.3,0,60.5,0,1.8,0,2.4-.4,2.4-2.3-.1-6.3,0-12.5,0-18.8,0-3.5,1-6.3,4.3-7.8,3.1-1.4,5.9-.8,8.6,1.4,10.3,8.2,20.6,16.4,31,24.5,5,4,9.9,8.2,15.2,11.8,4.5,3.6,8.9,7.1,13.4,10.7,1.7,1.4,3.4,2.8,5.1,4.1,5.7,4.6,5.7,12.1,0,16.6-21.1,16.3-42.3,32.5-63.4,48.8-2.8,2.2-5.8,3-9.1,1.3-3.2-1.7-4.5-4.5-4.4-8.1,0-6.6,0-13.2,0-19.8,0-2-.5-2.6-2.6-2.6-20.5,0-41,0-61.5,0-8.8,0-13.6-4.8-13.6-13.6,0-8.1.2-16.3.2-24.4,0-.9.2-1.8-.3-2.6ZM138.6,136.1c0,6.7,0,12.9,0,19.1,0,5.2-1.8,7-7,7-22.3,0-44.6,0-66.9,0-2.1,0-2.8.5-2.8,2.7,0,10.7-.1,21.5-.2,32.2,0,3.6,0,3.6,3.5,3.6,22.6,0,45.2,0,67.9,0,4.3,0,6.2,1.9,6.3,6.3,0,6.5,0,13,0,19.5,0,.7-.4,1.5.5,2,.6-.5,1.3-.9,2-1.4,18.2-14,36.4-28,54.5-42,2.3-1.8,2.3-1.8,0-3.6-9.8-7.7-19.6-15.4-29.3-23.1-9.3-7.3-18.5-14.6-28.2-22.3Z\"><\/path><\/svg>\t\t\t\t\t\t<\/span>\n\t\t\t\t\t\t\t\t\t\t<span class=\"elementor-icon-list-text\">biuroemtestudio@gmail.com<\/span>\n\t\t\t\t\t\t\t\t\t\t\t<\/a>\n\t\t\t\t\t\t\t\t\t<\/li>\n\t\t\t\t\t\t<\/ul>\n\t\t\t\t\t\t<\/div>\n\t\t\t\t<\/div>\n\t\t\t\t\t<\/div>\n\t\t\t\t<\/div>\n\t\t\t\t\t<\/div>\n\t\t<\/div>\n\t\t\t\t\t<\/div>\n\t\t<\/section>\n\t\t\t\t<\/div>\n\t\t","protected":false},"excerpt":{"rendered":"<p>&nbsp; Skontaktuj si\u0119 Ka\u017cda rozmowa to pierwszy krok do stworzenia czego\u015b wyj\u0105tkowego \u2013 ch\u0119tnie us\u0142ysz\u0119 Twoj\u0105 histori\u0119. Zacznijmy dzi\u015b Skontaktuj si\u0119 z nami Napisz do nas lub zadzwo\u0144 i opowiedz nam o swoim projekcie. Cenimy sobie mo\u017cliwo\u015b\u0107 bezpo\u015bredniej rozmowy, dlatego zach\u0119camy do spotkania na \u017cywo lub online. Z przyjemno\u015bci\u0105 odpowiemy na wszystkie Twoje pytania. 506 897 282 biuroemtestudio@gmail.com<\/p>\n","protected":false},"author":1,"featured_media":0,"parent":0,"menu_order":0,"comment_status":"closed","ping_status":"closed","template":"","meta":{"_uag_custom_page_level_css":"","site-sidebar-layout":"no-sidebar","site-content-layout":"","ast-site-content-layout":"full-width-container","site-content-style":"default","site-sidebar-style":"default","ast-global-header-display":"","ast-banner-title-visibility":"","ast-main-header-display":"","ast-hfb-above-header-display":"","ast-hfb-below-header-display":"","ast-hfb-mobile-header-display":"","site-post-title":"disabled","ast-breadcrumbs-content":"","ast-featured-img":"disabled","footer-sml-layout":"","theme-transparent-header-meta":"","adv-header-id-meta":"","stick-header-meta":"","header-above-stick-meta":"","header-main-stick-meta":"","header-below-stick-meta":"","astra-migrate-meta-layouts":"default","ast-page-background-enabled":"default","ast-page-background-meta":{"desktop":{"background-color":"var(--ast-global-color-4)","background-image":"","background-repeat":"repeat","background-position":"center center","background-size":"auto","background-attachment":"scroll","background-type":"","background-media":"","overlay-type":"","overlay-color":"","overlay-opacity":"","overlay-gradient":""},"tablet":{"background-color":"","background-image":"","background-repeat":"repeat","background-position":"center center","background-size":"auto","background-attachment":"scroll","background-type":"","background-media":"","overlay-type":"","overlay-color":"","overlay-opacity":"","overlay-gradient":""},"mobile":{"background-color":"","background-image":"","background-repeat":"repeat","background-position":"center center","background-size":"auto","background-attachment":"scroll","background-type":"","background-media":"","overlay-type":"","overlay-color":"","overlay-opacity":"","overlay-gradient":""}},"ast-content-background-meta":{"desktop":{"background-color":"var(--ast-global-color-5)","background-image":"","background-repeat":"repeat","background-position":"center center","background-size":"auto","background-attachment":"scroll","background-type":"","background-media":"","overlay-type":"","overlay-color":"","overlay-opacity":"","overlay-gradient":""},"tablet":{"background-color":"var(--ast-global-color-5)","background-image":"","background-repeat":"repeat","background-position":"center center","background-size":"auto","background-attachment":"scroll","background-type":"","background-media":"","overlay-type":"","overlay-color":"","overlay-opacity":"","overlay-gradient":""},"mobile":{"background-color":"var(--ast-global-color-5)","background-image":"","background-repeat":"repeat","background-position":"center center","background-size":"auto","background-attachment":"scroll","background-type":"","background-media":"","overlay-type":"","overlay-color":"","overlay-opacity":"","overlay-gradient":""}},"footnotes":""},"class_list":["post-78","page","type-page","status-publish","hentry"],"uagb_featured_image_src":{"full":false,"thumbnail":false,"medium":false,"medium_large":false,"large":false,"1536x1536":false,"2048x2048":false},"uagb_author_info":{"display_name":"admin","author_link":"https:\/\/emtestudio.com.pl\/?author=1"},"uagb_comment_info":0,"uagb_excerpt":"&nbsp; Skontaktuj si\u0119 Ka\u017cda rozmowa to pierwszy krok do stworzenia czego\u015b wyj\u0105tkowego \u2013 ch\u0119tnie us\u0142ysz\u0119 Twoj\u0105 histori\u0119. Zacznijmy dzi\u015b Skontaktuj si\u0119 z nami Napisz do nas lub zadzwo\u0144 i opowiedz nam o swoim projekcie. Cenimy sobie mo\u017cliwo\u015b\u0107 bezpo\u015bredniej rozmowy, dlatego zach\u0119camy do spotkania na \u017cywo lub online. Z przyjemno\u015bci\u0105 odpowiemy na wszystkie Twoje pytania. 506&hellip;","_links":{"self":[{"href":"https:\/\/emtestudio.com.pl\/index.php?rest_route=\/wp\/v2\/pages\/78","targetHints":{"allow":["GET"]}}],"collection":[{"href":"https:\/\/emtestudio.com.pl\/index.php?rest_route=\/wp\/v2\/pages"}],"about":[{"href":"https:\/\/emtestudio.com.pl\/index.php?rest_route=\/wp\/v2\/types\/page"}],"author":[{"embeddable":true,"href":"https:\/\/emtestudio.com.pl\/index.php?rest_route=\/wp\/v2\/users\/1"}],"replies":[{"embeddable":true,"href":"https:\/\/emtestudio.com.pl\/index.php?rest_route=%2Fwp%2Fv2%2Fcomments&post=78"}],"version-history":[{"count":214,"href":"https:\/\/emtestudio.com.pl\/index.php?rest_route=\/wp\/v2\/pages\/78\/revisions"}],"predecessor-version":[{"id":11968,"href":"https:\/\/emtestudio.com.pl\/index.php?rest_route=\/wp\/v2\/pages\/78\/revisions\/11968"}],"wp:attachment":[{"href":"https:\/\/emtestudio.com.pl\/index.php?rest_route=%2Fwp%2Fv2%2Fmedia&parent=78"}],"curies":[{"name":"wp","href":"https:\/\/api.w.org\/{rel}","templated":true}]}}